{"id":3060,"date":"2022-06-09T11:30:40","date_gmt":"2022-06-09T09:30:40","guid":{"rendered":"https:\/\/termine.lhhh.de\/agb\/"},"modified":"2024-03-05T08:39:12","modified_gmt":"2024-03-05T07:39:12","slug":"agb","status":"publish","type":"page","link":"https:\/\/termine.lhhh.de\/?page_id=3060","title":{"rendered":"AGB"},"content":{"rendered":"<p><div class=\"fusion-fullwidth fullwidth-box fusion-builder-row-1 fusion-flex-container nonhundred-percent-fullwidth non-hundred-percent-height-scrolling\" style=\"--awb-border-radius-top-left:0px;--awb-border-radius-top-right:0px;--awb-border-radius-bottom-right:0px;--awb-border-radius-bottom-left:0px;--awb-flex-wrap:wrap;\" ><div class=\"fusion-builder-row fusion-row fusion-flex-align-items-flex-start fusion-flex-content-wrap\" style=\"max-width:1216.8px;margin-left: calc(-4% \/ 2 );margin-right: calc(-4% \/ 2 );\"><div class=\"fusion-layout-column fusion_builder_column fusion-builder-column-0 fusion_builder_column_1_1 1_1 fusion-flex-column\" style=\"--awb-bg-size:cover;--awb-width-large:100%;--awb-margin-top-large:15px;--awb-spacing-right-large:1.92%;--awb-margin-bottom-large:15px;--awb-spacing-left-large:1.92%;--awb-width-medium:100%;--awb-order-medium:0;--awb-spacing-right-medium:1.92%;--awb-spacing-left-medium:1.92%;--awb-width-small:100%;--awb-order-small:0;--awb-spacing-right-small:1.92%;--awb-spacing-left-small:1.92%;\"><div class=\"fusion-column-wrapper fusion-column-has-shadow fusion-flex-justify-content-flex-start fusion-content-layout-column\"><div class=\"fusion-text fusion-text-1\"><h2 data-fontsize=\"40\" style=\"--fontSize: 40; line-height: 1.2;\" data-lineheight=\"48px\" class=\"fusion-responsive-typography-calculated\">Informationen zu Anmeldung &amp; Teilnahmebedingungen<\/h2>\n<h3 data-fontsize=\"32\" style=\"--fontSize: 32; line-height: 1.25; --minFontSize: 32;\" data-lineheight=\"40px\" class=\"fusion-responsive-typography-calculated\">1. Anmeldung und Kosten<\/h3>\n<p>Sie m\u00fcssen sich zur Teilnahme an dieser Veranstaltung anmelden, die Anmeldung muss schriftlich \u00fcber Buchungssystem oder per Email erfolgen. Wenn gen\u00fcgend freie Pl\u00e4tze zur Verf\u00fcgung stehen, erhalten Sie von uns eine Best\u00e4tigung Ihrer verbindlichen Anmeldung mit der Rechnung. Bitte \u00fcberweisen Sie den Rechnungsbetrag innerhalb von<\/p>\n<p>14 Tagen. Sollten wir innerhalb dieser Frist keinen Zahlungseingang verzeichnen, behalten wir uns vor, den Platz an andere Interessenten zu vergeben.<\/p>\n<h3 data-fontsize=\"32\" style=\"--fontSize: 32; line-height: 1.25; --minFontSize: 32;\" data-lineheight=\"40px\" class=\"fusion-responsive-typography-calculated\">2. Leistungen<\/h3>\n<p>In der Seminargeb\u00fchr sind die Seminarleitung und digitale Seminarunterlagen enthalten.<\/p>\n<h3 data-fontsize=\"32\" style=\"--fontSize: 32; line-height: 1.25; --minFontSize: 32;\" data-lineheight=\"40px\" class=\"fusion-responsive-typography-calculated\">3. R\u00fccktritt durch Teilnehmer<\/h3>\n<p>Die Stornierung einer gebuchten Veranstaltung nehmen wir schriftlich per E-Mail von Ihnen entgegen. Hierf\u00fcr berechnen wir Ihnen eine Bearbeitungsgeb\u00fchr von 30,00 \u20ac. Wenn Sie eine Ersatzperson stellen k\u00f6nnen werden keine Stornokosten erhoben. Sollte dies nicht m\u00f6glich sein, gelten folgende R\u00fccktrittsbedingungen:<\/p>\n<\/p>\n<\/p>\n<div class=\"table-1\">\n<table width=\"100%\">\n<thead>\n<tr>\n<th align=\"left\">R\u00fccktritt<\/th>\n<th align=\"left\">Erstattung<\/th>\n<\/tr>\n<\/thead>\n<tbody>\n<tr>\n<td align=\"left\">R\u00fccktritt bis 4 Wochen vor Seminarbeginn:<\/td>\n<td align=\"left\">Wir erstatten Ihnen den vollen Betrag.<\/td>\n<\/tr>\n<tr>\n<td align=\"left\">R\u00fccktritt bis 2 Wochen vor Seminarbeginn:<\/td>\n<td align=\"left\">Wir erstatten Ihnen den halben Betrag.<\/td>\n<\/tr>\n<tr>\n<td align=\"left\">Sp\u00e4terer R\u00fccktritt oder Nicht-Erscheinen:<\/td>\n<td align=\"left\">Keine R\u00fcckerstattung.<\/td>\n<\/tr>\n<\/tbody>\n<\/table>\n<\/div>\n<p>\n<h3 data-fontsize=\"32\" style=\"--fontSize: 32; line-height: 1.25; --minFontSize: 32;\" data-lineheight=\"40px\" class=\"fusion-responsive-typography-calculated\">4. R\u00fccktritt durch das B\u00fcro f\u00fcr Leichte Sprache wegen geringer Teilnehmerzahl<\/h3>\n<p>Wir behalten uns vor, die Veranstaltung bis sp\u00e4testens 14 Tage vor Beginn abzusagen oder zu verschieben, wenn die ausgeschriebene Teilnehmerzahl nicht erreicht wurde. In diesem Fall setzen wir Sie unverz\u00fcglich in Kenntnis und bieten Ihnen einen Ersatztermin an. Wenn Sie den neuen Termin nicht in Anspruch nehmen m\u00f6chten, erstatten wir Ihnen selbstverst\u00e4ndlich die Seminargeb\u00fchr zur\u00fcck. Weitergehende Anspr\u00fcche sind ausgeschlossen.<\/p>\n<h3 data-fontsize=\"32\" style=\"--fontSize: 32; line-height: 1.25; --minFontSize: 32;\" data-lineheight=\"40px\" class=\"fusion-responsive-typography-calculated\">5. Terminausfall<\/h3>\n<p>In Ausnahmesituationen m\u00fcssen wir die Veranstaltung vielleicht absagen \u2013 zum Beispiel wenn Referenten ausfallen, das Geb\u00e4ude nicht zug\u00e4nglich ist oder bei h\u00f6herer Gewalt. In diesem Fall benachrichtigen wir Sie so schnell wie m\u00f6glich und bieten Ihnen einen Ersatztermin an. Wenn Sie den neuen Termin nicht in Anspruch nehmen k\u00f6nnen, erstatten wir Ihnen selbstverst\u00e4ndlich die Seminargeb\u00fchr zur\u00fcck. Weitergehende Anspr\u00fcche sind ausgeschlossen, wenn wir nicht vors\u00e4tzlich oder grob fahrl\u00e4ssig gehandelt haben.<\/p>\n<h3 data-fontsize=\"32\" style=\"--fontSize: 32; line-height: 1.25; --minFontSize: 32;\" data-lineheight=\"40px\" class=\"fusion-responsive-typography-calculated\">6. Datenschutz<\/h3>\n<p>Mit der Angabe Ihrer personenbezogenen Daten erkl\u00e4ren Sie Ihr Einverst\u00e4ndnis zu deren elektronischer Speicherung und Verarbeitung. Wir beachten dabei die Datenschutzgesetze und geben Ihre Daten nicht an Dritte weiter.<\/p>\n<h3 data-fontsize=\"32\" style=\"--fontSize: 32; line-height: 1.25; --minFontSize: 32;\" data-lineheight=\"40px\" class=\"fusion-responsive-typography-calculated\">7. Online-Schulungen<\/h3>\n<p>Wenn Sie sich f\u00fcr eine Online-Schulung anmelden, erkl\u00e4ren Sie sich mit den Datenschutzbestimmungen der eingesetzten Software und Plattformen einverstanden:<\/p>\n<ul>\n<li><a class=\"fusion-one-page-text-link\">https:\/\/zoom.us\/de-de\/meetings.html<\/a><\/li>\n<li><a class=\"fusion-one-page-text-link\">https:\/\/www.1und1.de\/online-speicher<\/a><\/li>\n<li><a class=\"fusion-one-page-text-link\">https:\/\/cryptpad.fr<\/a><\/li>\n<li><a class=\"fusion-one-page-text-link\">https:\/\/de.padlet.com\/<\/a><\/li>\n<\/ul>\n<ul>\n<\/ul>\n<p>Es d\u00fcrfen nur angemeldete Personen an einer Online-Schulung teilnehmen. Die Videokonferenzen werden nicht aufgezeichnet, Aufzeichnungen durch Dritte sind verboten.<\/p>\n<\/div><\/div><\/div><\/div><\/div><div class=\"fusion-fullwidth fullwidth-box fusion-builder-row-2 fusion-flex-container nonhundred-percent-fullwidth non-hundred-percent-height-scrolling\" style=\"--awb-border-radius-top-left:0px;--awb-border-radius-top-right:0px;--awb-border-radius-bottom-right:0px;--awb-border-radius-bottom-left:0px;--awb-flex-wrap:wrap;\" ><div class=\"fusion-builder-row fusion-row fusion-flex-align-items-flex-start fusion-flex-content-wrap\" style=\"max-width:1216.8px;margin-left: calc(-4% \/ 2 );margin-right: calc(-4% \/ 2 );\"><\/div><\/div><\/p>\n","protected":false},"excerpt":{"rendered":"","protected":false},"author":1,"featured_media":0,"parent":0,"menu_order":0,"comment_status":"closed","ping_status":"closed","template":"","meta":{"_price":"","_stock":"","_tribe_ticket_header":"","_tribe_default_ticket_provider":"","_tribe_ticket_capacity":"0","_ticket_start_date":"","_ticket_end_date":"","_tribe_ticket_show_description":"","_tribe_ticket_show_not_going":false,"_tribe_ticket_use_global_stock":"","_tribe_ticket_global_stock_level":"","_global_stock_mode":"","_global_stock_cap":"","_tribe_rsvp_for_event":"","_tribe_ticket_going_count":"","_tribe_ticket_not_going_count":"","_tribe_tickets_list":"[]","_tribe_ticket_has_attendee_info_fields":false,"footnotes":""},"class_list":["post-3060","page","type-page","status-publish","hentry"],"_links":{"self":[{"href":"https:\/\/termine.lhhh.de\/index.php?rest_route=\/wp\/v2\/pages\/3060","targetHints":{"allow":["GET"]}}],"collection":[{"href":"https:\/\/termine.lhhh.de\/index.php?rest_route=\/wp\/v2\/pages"}],"about":[{"href":"https:\/\/termine.lhhh.de\/index.php?rest_route=\/wp\/v2\/types\/page"}],"author":[{"embeddable":true,"href":"https:\/\/termine.lhhh.de\/index.php?rest_route=\/wp\/v2\/users\/1"}],"replies":[{"embeddable":true,"href":"https:\/\/termine.lhhh.de\/index.php?rest_route=%2Fwp%2Fv2%2Fcomments&post=3060"}],"version-history":[{"count":4,"href":"https:\/\/termine.lhhh.de\/index.php?rest_route=\/wp\/v2\/pages\/3060\/revisions"}],"predecessor-version":[{"id":4456,"href":"https:\/\/termine.lhhh.de\/index.php?rest_route=\/wp\/v2\/pages\/3060\/revisions\/4456"}],"wp:attachment":[{"href":"https:\/\/termine.lhhh.de\/index.php?rest_route=%2Fwp%2Fv2%2Fmedia&parent=3060"}],"curies":[{"name":"wp","href":"https:\/\/api.w.org\/{rel}","templated":true}]}}